{"id":16,"date":"2026-02-20T18:33:07","date_gmt":"2026-02-20T18:33:07","guid":{"rendered":"http:\/\/impertec.pt\/?page_id=16"},"modified":"2026-02-25T02:25:02","modified_gmt":"2026-02-25T02:25:02","slug":"home","status":"publish","type":"page","link":"https:\/\/impertec.pt\/","title":{"rendered":"Home"},"content":{"rendered":"\t\t<div data-elementor-type=\"wp-page\" data-elementor-id=\"16\" class=\"elementor elementor-16\">\n\t\t\t\t<div class=\"elementor-element elementor-element-a39a3c0 e-flex e-con-boxed e-con e-parent\" data-id=\"a39a3c0\" data-element_type=\"container\" data-e-type=\"container\" data-settings=\"{&quot;background_background&quot;:&quot;classic&quot;}\">\n\t\t\t\t\t<div class=\"e-con-inner\">\n\t\t\t\t<div class=\"elementor-element elementor-element-c08a56f elementor-widget__width-initial elementor-widget elementor-widget-image\" data-id=\"c08a56f\" data-element_type=\"widget\" data-e-type=\"widget\" data-widget_type=\"image.default\">\n\t\t\t\t\t\t\t\t\t\t\t\t\t\t\t<img fetchpriority=\"high\" decoding=\"async\" width=\"512\" height=\"512\" src=\"https:\/\/impertec.pt\/wp-content\/uploads\/2026\/02\/cropped-e02b71a1-4a8f-4c95-9c92-96535c937e76-1-1.png\" class=\"attachment-large size-large wp-image-247\" alt=\"\" srcset=\"https:\/\/impertec.pt\/wp-content\/uploads\/2026\/02\/cropped-e02b71a1-4a8f-4c95-9c92-96535c937e76-1-1.png 512w, https:\/\/impertec.pt\/wp-content\/uploads\/2026\/02\/cropped-e02b71a1-4a8f-4c95-9c92-96535c937e76-1-1-300x300.png 300w, https:\/\/impertec.pt\/wp-content\/uploads\/2026\/02\/cropped-e02b71a1-4a8f-4c95-9c92-96535c937e76-1-1-150x150.png 150w, https:\/\/impertec.pt\/wp-content\/uploads\/2026\/02\/cropped-e02b71a1-4a8f-4c95-9c92-96535c937e76-1-1-270x270.png 270w, https:\/\/impertec.pt\/wp-content\/uploads\/2026\/02\/cropped-e02b71a1-4a8f-4c95-9c92-96535c937e76-1-1-192x192.png 192w, https:\/\/impertec.pt\/wp-content\/uploads\/2026\/02\/cropped-e02b71a1-4a8f-4c95-9c92-96535c937e76-1-1-180x180.png 180w, https:\/\/impertec.pt\/wp-content\/uploads\/2026\/02\/cropped-e02b71a1-4a8f-4c95-9c92-96535c937e76-1-1-32x32.png 32w\" sizes=\"(max-width: 512px) 100vw, 512px\" \/>\t\t\t\t\t\t\t\t\t\t\t\t\t\t\t<\/div>\n\t\t\t\t<div class=\"elementor-element elementor-element-951a187 elementor-widget elementor-widget-heading\" data-id=\"951a187\" data-element_type=\"widget\" data-e-type=\"widget\" data-widget_type=\"heading.default\">\n\t\t\t\t\t<h2 class=\"elementor-heading-title elementor-size-default\"><span style=\"color:#ffffff\">Impermeabiliza\u00e7\u00e3o em <\/span><span style=\"color:#ffc107\">POLIURETANO<\/span><span style=\"color:#ffffff\"> e <\/span><span style=\"color:#ffc107\">EP\u00d3XI<\/span><\/h2>\t\t\t\t<\/div>\n\t\t\t\t<div class=\"elementor-element elementor-element-c902561 elementor-widget elementor-widget-text-editor\" data-id=\"c902561\" data-element_type=\"widget\" data-e-type=\"widget\" data-widget_type=\"text-editor.default\">\n\t\t\t\t\t\t\t\t\t<p>Servi\u00e7os profissionais com qualidade e garantia<\/p>\t\t\t\t\t\t\t\t<\/div>\n\t\t\t\t<div class=\"elementor-element elementor-element-0f112ed elementor-widget elementor-widget-button\" data-id=\"0f112ed\" data-element_type=\"widget\" data-e-type=\"widget\" data-widget_type=\"button.default\">\n\t\t\t\t\t\t\t\t\t\t<a class=\"elementor-button elementor-button-link elementor-size-sm\" href=\"https:\/\/wa.me\/351928155185\" target=\"_blank\" rel=\"noopener\">\n\t\t\t\t\t\t<span class=\"elementor-button-content-wrapper\">\n\t\t\t\t\t\t\t\t\t<span class=\"elementor-button-text\">Pedir Or\u00e7amento no WhatsApp<\/span>\n\t\t\t\t\t<\/span>\n\t\t\t\t\t<\/a>\n\t\t\t\t\t\t\t\t<\/div>\n\t\t\t\t\t<\/div>\n\t\t\t\t<\/div>\n\t\t<div class=\"elementor-element elementor-element-e650780 e-flex e-con-boxed e-con e-parent\" data-id=\"e650780\" data-element_type=\"container\" data-e-type=\"container\" data-settings=\"{&quot;background_background&quot;:&quot;classic&quot;}\">\n\t\t\t\t\t<div class=\"e-con-inner\">\n\t\t\t\t\t<\/div>\n\t\t\t\t<\/div>\n\t\t<div class=\"elementor-element elementor-element-45310e3 e-flex e-con-boxed e-con e-parent\" data-id=\"45310e3\" data-element_type=\"container\" data-e-type=\"container\">\n\t\t\t\t\t<div class=\"e-con-inner\">\n\t\t\t\t\t<\/div>\n\t\t\t\t<\/div>\n\t\t\t\t<\/div>\n\t\t","protected":false},"excerpt":{"rendered":"<p>Impermeabiliza\u00e7\u00e3o em POLIURETANO e EP\u00d3XI Servi\u00e7os profissionais com qualidade e garantia Pedir Or\u00e7amento no WhatsApp<\/p>\n","protected":false},"author":1,"featured_media":0,"parent":0,"menu_order":0,"comment_status":"closed","ping_status":"closed","template":"","meta":{"site-sidebar-layout":"no-sidebar","site-content-layout":"plain-container","ast-site-content-layout":"full-width-container","site-content-style":"default","site-sidebar-style":"default","ast-global-header-display":"","ast-banner-title-visibility":"disabled","ast-main-header-display":"","ast-hfb-above-header-display":"","ast-hfb-below-header-display":"","ast-hfb-mobile-header-display":"","site-post-title":"","ast-breadcrumbs-content":"","ast-featured-img":"disabled","footer-sml-layout":"","ast-disable-related-posts":"","theme-transparent-header-meta":"disabled","adv-header-id-meta":"","stick-header-meta":"","header-above-stick-meta":"","header-main-stick-meta":"","header-below-stick-meta":"","astra-migrate-meta-layouts":"default","ast-page-background-enabled":"default","ast-page-background-meta":{"desktop":{"background-color":"var(--ast-global-color-5)","background-image":"","background-repeat":"repeat","background-position":"center center","background-size":"auto","background-attachment":"scroll","background-type":"","background-media":"","overlay-type":"","overlay-color":"","overlay-opacity":"","overlay-gradient":""},"tablet":{"background-color":"","background-image":"","background-repeat":"repeat","background-position":"center center","background-size":"auto","background-attachment":"scroll","background-type":"","background-media":"","overlay-type":"","overlay-color":"","overlay-opacity":"","overlay-gradient":""},"mobile":{"background-color":"","background-image":"","background-repeat":"repeat","background-position":"center center","background-size":"auto","background-attachment":"scroll","background-type":"","background-media":"","overlay-type":"","overlay-color":"","overlay-opacity":"","overlay-gradient":""}},"ast-content-background-meta":{"desktop":{"background-color":"var(--ast-global-color-4)","background-image":"","background-repeat":"repeat","background-position":"center center","background-size":"auto","background-attachment":"scroll","background-type":"","background-media":"","overlay-type":"","overlay-color":"","overlay-opacity":"","overlay-gradient":""},"tablet":{"background-color":"var(--ast-global-color-4)","background-image":"","background-repeat":"repeat","background-position":"center center","background-size":"auto","background-attachment":"scroll","background-type":"","background-media":"","overlay-type":"","overlay-color":"","overlay-opacity":"","overlay-gradient":""},"mobile":{"background-color":"var(--ast-global-color-4)","background-image":"","background-repeat":"repeat","background-position":"center center","background-size":"auto","background-attachment":"scroll","background-type":"","background-media":"","overlay-type":"","overlay-color":"","overlay-opacity":"","overlay-gradient":""}},"footnotes":""},"class_list":["post-16","page","type-page","status-publish","hentry"],"_links":{"self":[{"href":"https:\/\/impertec.pt\/index.php?rest_route=\/wp\/v2\/pages\/16","targetHints":{"allow":["GET"]}}],"collection":[{"href":"https:\/\/impertec.pt\/index.php?rest_route=\/wp\/v2\/pages"}],"about":[{"href":"https:\/\/impertec.pt\/index.php?rest_route=\/wp\/v2\/types\/page"}],"author":[{"embeddable":true,"href":"https:\/\/impertec.pt\/index.php?rest_route=\/wp\/v2\/users\/1"}],"replies":[{"embeddable":true,"href":"https:\/\/impertec.pt\/index.php?rest_route=%2Fwp%2Fv2%2Fcomments&post=16"}],"version-history":[{"count":71,"href":"https:\/\/impertec.pt\/index.php?rest_route=\/wp\/v2\/pages\/16\/revisions"}],"predecessor-version":[{"id":256,"href":"https:\/\/impertec.pt\/index.php?rest_route=\/wp\/v2\/pages\/16\/revisions\/256"}],"wp:attachment":[{"href":"https:\/\/impertec.pt\/index.php?rest_route=%2Fwp%2Fv2%2Fmedia&parent=16"}],"curies":[{"name":"wp","href":"https:\/\/api.w.org\/{rel}","templated":true}]}}