{"id":61,"date":"2026-02-21T00:38:34","date_gmt":"2026-02-21T00:38:34","guid":{"rendered":"http:\/\/impertec.pt\/?page_id=61"},"modified":"2026-02-25T02:50:25","modified_gmt":"2026-02-25T02:50:25","slug":"servicos","status":"publish","type":"page","link":"https:\/\/impertec.pt\/?page_id=61","title":{"rendered":"Servi\u00e7os"},"content":{"rendered":"\t\t<div data-elementor-type=\"wp-page\" data-elementor-id=\"61\" class=\"elementor elementor-61\">\n\t\t\t\t<div class=\"elementor-element elementor-element-d375c4c e-flex e-con-boxed e-con e-parent\" data-id=\"d375c4c\" data-element_type=\"container\" data-e-type=\"container\" data-settings=\"{&quot;background_background&quot;:&quot;slideshow&quot;,&quot;background_slideshow_gallery&quot;:[{&quot;id&quot;:101,&quot;url&quot;:&quot;https:\\\/\\\/impertec.pt\\\/wp-content\\\/uploads\\\/2026\\\/02\\\/WhatsApp-Image-2026-02-19-at-14.12.35.jpeg&quot;},{&quot;id&quot;:99,&quot;url&quot;:&quot;https:\\\/\\\/impertec.pt\\\/wp-content\\\/uploads\\\/2026\\\/02\\\/a97f2c09-381f-43cc-b368-5c0966a6c975.jpg&quot;},{&quot;id&quot;:112,&quot;url&quot;:&quot;https:\\\/\\\/impertec.pt\\\/wp-content\\\/uploads\\\/2026\\\/02\\\/32af7d2a-548c-4c5a-b301-226116107b0d.jpg&quot;},{&quot;id&quot;:85,&quot;url&quot;:&quot;https:\\\/\\\/impertec.pt\\\/wp-content\\\/uploads\\\/2026\\\/02\\\/WhatsApp-Image-2026-02-13-at-20.24.13-9.jpeg&quot;},{&quot;id&quot;:84,&quot;url&quot;:&quot;https:\\\/\\\/impertec.pt\\\/wp-content\\\/uploads\\\/2026\\\/02\\\/WhatsApp-Image-2026-02-13-at-20.24.13-1.jpeg&quot;},{&quot;id&quot;:83,&quot;url&quot;:&quot;https:\\\/\\\/impertec.pt\\\/wp-content\\\/uploads\\\/2026\\\/02\\\/WhatsApp-Image-2026-02-13-at-20.24.12-1.jpeg&quot;},{&quot;id&quot;:82,&quot;url&quot;:&quot;https:\\\/\\\/impertec.pt\\\/wp-content\\\/uploads\\\/2026\\\/02\\\/WhatsApp-Image-2026-02-13-at-20.24.13-11.jpeg&quot;},{&quot;id&quot;:13,&quot;url&quot;:&quot;https:\\\/\\\/impertec.pt\\\/wp-content\\\/uploads\\\/2026\\\/02\\\/WhatsApp-Image-2026-02-13-at-20.24.13-5.jpeg&quot;}],&quot;background_slideshow_slide_transition&quot;:&quot;slide_right&quot;,&quot;background_slideshow_ken_burns&quot;:&quot;yes&quot;,&quot;background_slideshow_loop&quot;:&quot;yes&quot;,&quot;background_slideshow_slide_duration&quot;:5000,&quot;background_slideshow_transition_duration&quot;:500,&quot;background_slideshow_ken_burns_zoom_direction&quot;:&quot;in&quot;}\">\n\t\t\t\t\t<div class=\"e-con-inner\">\n\t\t\t\t<div class=\"elementor-element elementor-element-db88db3 elementor-widget elementor-widget-text-editor\" data-id=\"db88db3\" data-element_type=\"widget\" data-e-type=\"widget\" data-widget_type=\"text-editor.default\">\n\t\t\t\t\t\t\t\t\t<p>\u2022 Impermeabiliza\u00e7\u00e3o de lajes e<span style=\"font-style: inherit; font-weight: inherit; letter-spacing: 0.4px;\">\u00a0terra\u00e7os<\/span><\/p><p>\u2022 Parque de garagens e pavimentos industriais<\/p><p>\u2022Impermeabiliza\u00e7\u00e3o de telhados<\/p><p>\u2022Aplica\u00e7\u00e3o de poliuretano e ep\u00f3xi<\/p><p>\u2022Repara\u00e7\u00e3o de infiltra\u00e7\u00f5es<\/p><ul><li>pavimentos de ep\u00f3xi transit\u00e1veis\u00a0<\/li><\/ul>\t\t\t\t\t\t\t\t<\/div>\n\t\t\t\t<div class=\"elementor-element elementor-element-71c3524 elementor-widget elementor-widget-text-editor\" data-id=\"71c3524\" data-element_type=\"widget\" data-e-type=\"widget\" data-widget_type=\"text-editor.default\">\n\t\t\t\t\t\t\t\t\t<ul><li>Garagens residenciais em ep\u00f3xi flake sem juntas\u00a0<\/li><\/ul><h3>\u00a0<\/h3>\t\t\t\t\t\t\t\t<\/div>\n\t\t\t\t\t<\/div>\n\t\t\t\t<\/div>\n\t\t<div class=\"elementor-element elementor-element-050d36b e-flex e-con-boxed e-con e-parent\" data-id=\"050d36b\" data-element_type=\"container\" data-e-type=\"container\">\n\t\t\t\t\t<div class=\"e-con-inner\">\n\t\t\t\t\t<\/div>\n\t\t\t\t<\/div>\n\t\t\t\t<\/div>\n\t\t","protected":false},"excerpt":{"rendered":"<p>\u2022 Impermeabiliza\u00e7\u00e3o de lajes e\u00a0terra\u00e7os \u2022 Parque de garagens e pavimentos industriais \u2022Impermeabiliza\u00e7\u00e3o de telhados \u2022Aplica\u00e7\u00e3o de poliuretano e ep\u00f3xi [&hellip;]<\/p>\n","protected":false},"author":1,"featured_media":0,"parent":0,"menu_order":0,"comment_status":"closed","ping_status":"closed","template":"","meta":{"site-sidebar-layout":"no-sidebar","site-content-layout":"","ast-site-content-layout":"full-width-container","site-content-style":"default","site-sidebar-style":"default","ast-global-header-display":"","ast-banner-title-visibility":"","ast-main-header-display":"","ast-hfb-above-header-display":"","ast-hfb-below-header-display":"","ast-hfb-mobile-header-display":"","site-post-title":"","ast-breadcrumbs-content":"","ast-featured-img":"disabled","footer-sml-layout":"","ast-disable-related-posts":"","theme-transparent-header-meta":"","adv-header-id-meta":"","stick-header-meta":"","header-above-stick-meta":"","header-main-stick-meta":"","header-below-stick-meta":"","astra-migrate-meta-layouts":"default","ast-page-background-enabled":"default","ast-page-background-meta":{"desktop":{"background-color":"var(--ast-global-color-5)","background-image":"","background-repeat":"repeat","background-position":"center center","background-size":"auto","background-attachment":"scroll","background-type":"","background-media":"","overlay-type":"","overlay-color":"","overlay-opacity":"","overlay-gradient":""},"tablet":{"background-color":"","background-image":"","background-repeat":"repeat","background-position":"center center","background-size":"auto","background-attachment":"scroll","background-type":"","background-media":"","overlay-type":"","overlay-color":"","overlay-opacity":"","overlay-gradient":""},"mobile":{"background-color":"","background-image":"","background-repeat":"repeat","background-position":"center center","background-size":"auto","background-attachment":"scroll","background-type":"","background-media":"","overlay-type":"","overlay-color":"","overlay-opacity":"","overlay-gradient":""}},"ast-content-background-meta":{"desktop":{"background-color":"var(--ast-global-color-4)","background-image":"","background-repeat":"repeat","background-position":"center center","background-size":"auto","background-attachment":"scroll","background-type":"","background-media":"","overlay-type":"","overlay-color":"","overlay-opacity":"","overlay-gradient":""},"tablet":{"background-color":"var(--ast-global-color-4)","background-image":"","background-repeat":"repeat","background-position":"center center","background-size":"auto","background-attachment":"scroll","background-type":"","background-media":"","overlay-type":"","overlay-color":"","overlay-opacity":"","overlay-gradient":""},"mobile":{"background-color":"var(--ast-global-color-4)","background-image":"","background-repeat":"repeat","background-position":"center center","background-size":"auto","background-attachment":"scroll","background-type":"","background-media":"","overlay-type":"","overlay-color":"","overlay-opacity":"","overlay-gradient":""}},"footnotes":""},"class_list":["post-61","page","type-page","status-publish","hentry"],"_links":{"self":[{"href":"https:\/\/impertec.pt\/index.php?rest_route=\/wp\/v2\/pages\/61","targetHints":{"allow":["GET"]}}],"collection":[{"href":"https:\/\/impertec.pt\/index.php?rest_route=\/wp\/v2\/pages"}],"about":[{"href":"https:\/\/impertec.pt\/index.php?rest_route=\/wp\/v2\/types\/page"}],"author":[{"embeddable":true,"href":"https:\/\/impertec.pt\/index.php?rest_route=\/wp\/v2\/users\/1"}],"replies":[{"embeddable":true,"href":"https:\/\/impertec.pt\/index.php?rest_route=%2Fwp%2Fv2%2Fcomments&post=61"}],"version-history":[{"count":34,"href":"https:\/\/impertec.pt\/index.php?rest_route=\/wp\/v2\/pages\/61\/revisions"}],"predecessor-version":[{"id":269,"href":"https:\/\/impertec.pt\/index.php?rest_route=\/wp\/v2\/pages\/61\/revisions\/269"}],"wp:attachment":[{"href":"https:\/\/impertec.pt\/index.php?rest_route=%2Fwp%2Fv2%2Fmedia&parent=61"}],"curies":[{"name":"wp","href":"https:\/\/api.w.org\/{rel}","templated":true}]}}